{"id":591,"date":"2024-05-20T07:54:36","date_gmt":"2024-05-20T10:54:36","guid":{"rendered":"https:\/\/demosites.royal-elementor-addons.com\/graphic-nature-v1\/?page_id=7"},"modified":"2026-04-10T12:01:21","modified_gmt":"2026-04-10T15:01:21","slug":"home-graphic-nature-v1","status":"publish","type":"page","link":"https:\/\/portalgmacontato.store\/","title":{"rendered":"Home"},"content":{"rendered":"\t\t<div data-elementor-type=\"wp-page\" data-elementor-id=\"591\" class=\"elementor elementor-591\">\n\t\t\t\t<div class=\"elementor-element elementor-element-3083d6f e-flex e-con-boxed e-con e-parent\" data-id=\"3083d6f\" data-element_type=\"container\" data-settings=\"{&quot;background_background&quot;:&quot;classic&quot;}\">\n\t\t\t\t\t<div class=\"e-con-inner\">\n\t\t\t\t<div class=\"elementor-element elementor-element-4db45af elementor-widget elementor-widget-heading\" data-id=\"4db45af\" data-element_type=\"widget\" data-widget_type=\"heading.default\">\n\t\t\t\t\t<h2 class=\"elementor-heading-title elementor-size-default\">PORTAL DO CLIENTE<\/h2>\t\t\t\t<\/div>\n\t\t\t\t<div class=\"elementor-element elementor-element-73fabd9 elementor-align-center elementor-widget elementor-widget-button\" data-id=\"73fabd9\" data-element_type=\"widget\" data-widget_type=\"button.default\">\n\t\t\t\t\t\t\t\t\t\t<a class=\"elementor-button elementor-button-link elementor-size-sm\" href=\"https:\/\/wa.me\/5511952945699?text=Iniciar%20atendimento.\">\n\t\t\t\t\t\t<span class=\"elementor-button-content-wrapper\">\n\t\t\t\t\t\t\t\t\t<span class=\"elementor-button-text\">INICIAR ATENDIMENTO<\/span>\n\t\t\t\t\t<\/span>\n\t\t\t\t\t<\/a>\n\t\t\t\t\t\t\t\t<\/div>\n\t\t\t\t\t<\/div>\n\t\t\t\t<\/div>\n\t\t<div class=\"elementor-element elementor-element-d8fa315 e-flex e-con-boxed e-con e-parent\" data-id=\"d8fa315\" data-element_type=\"container\">\n\t\t\t\t\t<div class=\"e-con-inner\">\n\t\t\t\t<div class=\"elementor-element elementor-element-8066510 elementor-widget elementor-widget-heading\" data-id=\"8066510\" data-element_type=\"widget\" data-widget_type=\"heading.default\">\n\t\t\t\t\t<h2 class=\"elementor-heading-title elementor-size-default\">PORTAL DO CLIENTE\n<\/h2>\t\t\t\t<\/div>\n\t\t\t\t<div class=\"elementor-element elementor-element-6e6cdfe elementor-widget elementor-widget-text-editor\" data-id=\"6e6cdfe\" data-element_type=\"widget\" data-widget_type=\"text-editor.default\">\n\t\t\t\t\t\t\t\t\t<p>Oferecemos servi\u00e7os especializados para quita\u00e7\u00e3o de contrato, segunda via do boleto, antecipa\u00e7\u00e3o de parcelas e regulariza\u00e7\u00e3o de parcelas em atraso, garantindo um atendimento \u00e1gil e eficiente.<\/p>\t\t\t\t\t\t\t\t<\/div>\n\t\t\t\t<div class=\"elementor-element elementor-element-8f53c78 elementor-align-center elementor-widget elementor-widget-button\" data-id=\"8f53c78\" data-element_type=\"widget\" data-widget_type=\"button.default\">\n\t\t\t\t\t\t\t\t\t\t<a class=\"elementor-button elementor-button-link elementor-size-sm\" href=\"https:\/\/wa.me\/5511952945699?text=Iniciar%20atendimento.\">\n\t\t\t\t\t\t<span class=\"elementor-button-content-wrapper\">\n\t\t\t\t\t\t\t\t\t<span class=\"elementor-button-text\">2\u00b0 VIA DO BOLETO<\/span>\n\t\t\t\t\t<\/span>\n\t\t\t\t\t<\/a>\n\t\t\t\t\t\t\t\t<\/div>\n\t\t\t\t<div class=\"elementor-element elementor-element-162f999 elementor-align-center elementor-widget elementor-widget-button\" data-id=\"162f999\" data-element_type=\"widget\" data-widget_type=\"button.default\">\n\t\t\t\t\t\t\t\t\t\t<a class=\"elementor-button elementor-button-link elementor-size-sm\" href=\"https:\/\/wa.me\/5511952945699?text=Iniciar%20atendimento.\">\n\t\t\t\t\t\t<span class=\"elementor-button-content-wrapper\">\n\t\t\t\t\t\t\t\t\t<span class=\"elementor-button-text\">QUITA\u00c7\u00c3O DO CONTRATO<\/span>\n\t\t\t\t\t<\/span>\n\t\t\t\t\t<\/a>\n\t\t\t\t\t\t\t\t<\/div>\n\t\t\t\t<div class=\"elementor-element elementor-element-c316a43 elementor-align-center elementor-widget elementor-widget-button\" data-id=\"c316a43\" data-element_type=\"widget\" data-widget_type=\"button.default\">\n\t\t\t\t\t\t\t\t\t\t<a class=\"elementor-button elementor-button-link elementor-size-sm\" href=\"https:\/\/wa.me\/5511952945699?text=Iniciar%20atendimento.\">\n\t\t\t\t\t\t<span class=\"elementor-button-content-wrapper\">\n\t\t\t\t\t\t\t\t\t<span class=\"elementor-button-text\">MENSALIDADE EM ATRASO<\/span>\n\t\t\t\t\t<\/span>\n\t\t\t\t\t<\/a>\n\t\t\t\t\t\t\t\t<\/div>\n\t\t\t\t<div class=\"elementor-element elementor-element-2beb698 elementor-align-center elementor-widget elementor-widget-button\" data-id=\"2beb698\" data-element_type=\"widget\" data-widget_type=\"button.default\">\n\t\t\t\t\t\t\t\t\t\t<a class=\"elementor-button elementor-button-link elementor-size-sm\" href=\"https:\/\/wa.me\/5511952945699?text=Iniciar%20atendimento.\">\n\t\t\t\t\t\t<span class=\"elementor-button-content-wrapper\">\n\t\t\t\t\t\t\t\t\t<span class=\"elementor-button-text\">ANTECIPA\u00c7\u00c3O DE PARCLA <\/span>\n\t\t\t\t\t<\/span>\n\t\t\t\t\t<\/a>\n\t\t\t\t\t\t\t\t<\/div>\n\t\t\t\t\t<\/div>\n\t\t\t\t<\/div>\n\t\t<div class=\"elementor-element elementor-element-37d657e e-flex e-con-boxed e-con e-parent\" data-id=\"37d657e\" data-element_type=\"container\">\n\t\t\t\t\t<div class=\"e-con-inner\">\n\t\t<div class=\"elementor-element elementor-element-e5b3b11 e-flex e-con-boxed elementor-invisible e-con e-child\" data-id=\"e5b3b11\" data-element_type=\"container\" data-settings=\"{&quot;animation&quot;:&quot;slideInLeft&quot;}\">\n\t\t\t\t\t<div class=\"e-con-inner\">\n\t\t\t\t<div class=\"elementor-element elementor-element-71bb8a7 elementor-widget elementor-widget-image\" data-id=\"71bb8a7\" data-element_type=\"widget\" data-widget_type=\"image.default\">\n\t\t\t\t\t\t\t\t\t\t\t\t\t\t\t<img fetchpriority=\"high\" decoding=\"async\" width=\"678\" height=\"452\" src=\"http:\/\/portalgmacontato.store\/wp-content\/uploads\/2026\/01\/WhatsApp-Image-2025-12-17-at-11.46.57.jpeg\" class=\"attachment-large size-large wp-image-604\" alt=\"\" srcset=\"http:\/\/portalgmacontato.store\/wp-content\/uploads\/2026\/01\/WhatsApp-Image-2025-12-17-at-11.46.57.jpeg 678w, http:\/\/portalgmacontato.store\/wp-content\/uploads\/2026\/01\/WhatsApp-Image-2025-12-17-at-11.46.57-300x200.jpeg 300w\" sizes=\"(max-width: 678px) 100vw, 678px\" \/>\t\t\t\t\t\t\t\t\t\t\t\t\t\t\t<\/div>\n\t\t\t\t\t<\/div>\n\t\t\t\t<\/div>\n\t\t<div class=\"elementor-element elementor-element-9af76c6 e-flex e-con-boxed elementor-invisible e-con e-child\" data-id=\"9af76c6\" data-element_type=\"container\" data-settings=\"{&quot;animation&quot;:&quot;slideInRight&quot;}\">\n\t\t\t\t\t<div class=\"e-con-inner\">\n\t\t\t\t<div class=\"elementor-element elementor-element-0a6b97f elementor-widget elementor-widget-heading\" data-id=\"0a6b97f\" data-element_type=\"widget\" data-widget_type=\"heading.default\">\n\t\t\t\t\t<h2 class=\"elementor-heading-title elementor-size-default\">SOBRE N\u00d3S<\/h2>\t\t\t\t<\/div>\n\t\t\t\t<div class=\"elementor-element elementor-element-164d751 elementor-widget elementor-widget-text-editor\" data-id=\"164d751\" data-element_type=\"widget\" data-widget_type=\"text-editor.default\">\n\t\t\t\t\t\t\t\t\t<div class=\"elementor-element elementor-element-164d751 elementor-widget elementor-widget-text-editor\" data-id=\"164d751\" data-element_type=\"widget\" data-widget_type=\"text-editor.default\"><div class=\"elementor-element elementor-element-88b4e30 elementor-widget elementor-widget-text-editor\" data-id=\"88b4e30\" data-element_type=\"widget\" data-widget_type=\"text-editor.default\"><div class=\"elementor-element elementor-element-7304f2c elementor-widget elementor-widget-text-editor\" data-id=\"7304f2c\" data-element_type=\"widget\" data-widget_type=\"text-editor.default\"><p>Somos uma das institui\u00e7\u00f5es financeiras com maior credibilidade no mercado nacional. Com s\u00f3lido desempenho e uma diversificada carteira de produtos, oferece v\u00e1rios planos e formas de pagamento para se adequar \u00e0s necessidades dos clientes. AInda precisando de ajuda? Nossa central de atendimento esta a sua disposi\u00e7\u00e3o, pronta para auxiliar em todas as quest\u00f5es e ainda com descontos especiais para voc\u00ea.<\/p><\/div><\/div><\/div>\t\t\t\t\t\t\t\t<\/div>\n\t\t\t\t<div class=\"elementor-element elementor-element-e46c96c elementor-align-center elementor-widget elementor-widget-button\" data-id=\"e46c96c\" data-element_type=\"widget\" data-widget_type=\"button.default\">\n\t\t\t\t\t\t\t\t\t\t<a class=\"elementor-button elementor-button-link elementor-size-sm\" href=\"https:\/\/wa.me\/5511952945699?text=Iniciar%20atendimento.\">\n\t\t\t\t\t\t<span class=\"elementor-button-content-wrapper\">\n\t\t\t\t\t\t\t\t\t<span class=\"elementor-button-text\">ATENDIMENTO ONLINE<\/span>\n\t\t\t\t\t<\/span>\n\t\t\t\t\t<\/a>\n\t\t\t\t\t\t\t\t<\/div>\n\t\t\t\t\t<\/div>\n\t\t\t\t<\/div>\n\t\t\t\t\t<\/div>\n\t\t\t\t<\/div>\n\t\t<div class=\"elementor-element elementor-element-0127e44 e-flex e-con-boxed e-con e-parent\" data-id=\"0127e44\" data-element_type=\"container\">\n\t\t\t\t\t<div class=\"e-con-inner\">\n\t\t\t\t<div class=\"elementor-element elementor-element-95c822a elementor-widget elementor-widget-heading\" data-id=\"95c822a\" data-element_type=\"widget\" data-widget_type=\"heading.default\">\n\t\t\t\t\t<h2 class=\"elementor-heading-title elementor-size-default\">SERVI\u00c7OS PERSONALIZADOS\n<\/h2>\t\t\t\t<\/div>\n\t\t\t\t<div class=\"elementor-element elementor-element-7e3bb89 elementor-widget elementor-widget-text-editor\" data-id=\"7e3bb89\" data-element_type=\"widget\" data-widget_type=\"text-editor.default\">\n\t\t\t\t\t\t\t\t\t<div class=\"elementor-element elementor-element-bb7f259 elementor-widget elementor-widget-text-editor\" data-id=\"bb7f259\" data-element_type=\"widget\" data-widget_type=\"text-editor.default\"><div class=\"elementor-element elementor-element-148b09f elementor-widget elementor-widget-text-editor\" data-id=\"148b09f\" data-element_type=\"widget\" data-widget_type=\"text-editor.default\"><p>Atendemos clientes que precisam de aux\u00edlio para quest\u00f5es como:<\/p><ul><li>2\u00aa via de boletos<\/li><li>Redu\u00e7\u00e3o de juros<\/li><li>Renegocia\u00e7\u00e3o de contratos<\/li><li>Quita\u00e7\u00e3o com desconto<\/li><li>Antecipa\u00e7\u00e3o de parcelas<\/li><li>Revis\u00e3o contratual b\u00e1sica<\/li><\/ul><p>Com atendimento dedicado e processos simples, oferecemos solu\u00e7\u00f5es alinhadas \u00e0s suas necessidades.<\/p><\/div><\/div>\t\t\t\t\t\t\t\t<\/div>\n\t\t\t\t<div class=\"elementor-element elementor-element-526c872 elementor-align-center elementor-widget elementor-widget-button\" data-id=\"526c872\" data-element_type=\"widget\" data-widget_type=\"button.default\">\n\t\t\t\t\t\t\t\t\t\t<a class=\"elementor-button elementor-button-link elementor-size-sm\" href=\"https:\/\/wa.me\/5511952945699?text=Iniciar%20atendimento.\">\n\t\t\t\t\t\t<span class=\"elementor-button-content-wrapper\">\n\t\t\t\t\t\t\t\t\t<span class=\"elementor-button-text\">ATENDIMENTO ONLINE<\/span>\n\t\t\t\t\t<\/span>\n\t\t\t\t\t<\/a>\n\t\t\t\t\t\t\t\t<\/div>\n\t\t\t\t\t<\/div>\n\t\t\t\t<\/div>\n\t\t\t\t<\/div>\n\t\t","protected":false},"excerpt":{"rendered":"<p>PORTAL DO CLIENTE INICIAR ATENDIMENTO PORTAL DO CLIENTE Oferecemos servi\u00e7os especializados para quita\u00e7\u00e3o de contrato, segunda via do boleto, antecipa\u00e7\u00e3o de parcelas e regulariza\u00e7\u00e3o de parcelas em atraso, garantindo um atendimento \u00e1gil e eficiente. 2\u00b0 VIA DO BOLETO QUITA\u00c7\u00c3O DO CONTRATO MENSALIDADE EM ATRASO ANTECIPA\u00c7\u00c3O DE PARCLA SOBRE N\u00d3S Somos uma das institui\u00e7\u00f5es financeiras com [&hellip;]<\/p>\n","protected":false},"author":1,"featured_media":0,"parent":0,"menu_order":0,"comment_status":"closed","ping_status":"closed","template":"elementor_canvas","meta":{"footnotes":""},"class_list":["post-591","page","type-page","status-publish","hentry"],"_links":{"self":[{"href":"https:\/\/portalgmacontato.store\/index.php\/wp-json\/wp\/v2\/pages\/591","targetHints":{"allow":["GET"]}}],"collection":[{"href":"https:\/\/portalgmacontato.store\/index.php\/wp-json\/wp\/v2\/pages"}],"about":[{"href":"https:\/\/portalgmacontato.store\/index.php\/wp-json\/wp\/v2\/types\/page"}],"author":[{"embeddable":true,"href":"https:\/\/portalgmacontato.store\/index.php\/wp-json\/wp\/v2\/users\/1"}],"replies":[{"embeddable":true,"href":"https:\/\/portalgmacontato.store\/index.php\/wp-json\/wp\/v2\/comments?post=591"}],"version-history":[{"count":21,"href":"https:\/\/portalgmacontato.store\/index.php\/wp-json\/wp\/v2\/pages\/591\/revisions"}],"predecessor-version":[{"id":630,"href":"https:\/\/portalgmacontato.store\/index.php\/wp-json\/wp\/v2\/pages\/591\/revisions\/630"}],"wp:attachment":[{"href":"https:\/\/portalgmacontato.store\/index.php\/wp-json\/wp\/v2\/media?parent=591"}],"curies":[{"name":"wp","href":"https:\/\/api.w.org\/{rel}","templated":true}]}}